{"id":572,"date":"2016-01-22T16:13:44","date_gmt":"2016-01-22T15:13:44","guid":{"rendered":"https:\/\/www.jizdynakoni.cz\/?page_id=572"},"modified":"2016-02-14T18:23:15","modified_gmt":"2016-02-14T17:23:15","slug":"partneri","status":"publish","type":"page","link":"https:\/\/www.jizdynakoni.cz\/de\/partneri\/","title":{"rendered":"Partners"},"content":{"rendered":"Wenn Sie m\u00f6chten, um Links auf Do\u017eick\u00fd Ml\u00fdn auszutauschen, bitte kontaktieren Sie mich unter dieser<a href=\"mailto:info@webovestranky.com\"> E-Mail<\/a>. Wir bevorzugen die verwandten Bereichen, n\u00e4mlich den Tourismus sowie anderen seri\u00f6sen Websites. Die ausgeschlossen sind alle Links zu unangemessenen Webseiten.<\/p>\n<p>&nbsp;","protected":false},"excerpt":{"rendered":"<p>Wenn Sie m\u00f6chten, um Links auf Do\u017eick\u00fd Ml\u00fdn auszutauschen, bitte kontaktieren Sie mich unter dieser E-Mail. Wir bevorzugen die verwandten Bereichen, n\u00e4mlich den Tourismus sowie anderen seri\u00f6sen Websites. Die ausgeschlossen sind alle Links zu unangemessenen Webseiten. &nbsp;<\/p>\n","protected":false},"author":3,"featured_media":0,"parent":0,"menu_order":5,"comment_status":"closed","ping_status":"closed","template":"","meta":{"_exactmetrics_skip_tracking":false,"_exactmetrics_sitenote_active":false,"_exactmetrics_sitenote_note":"","_exactmetrics_sitenote_category":0,"ngg_post_thumbnail":0,"footnotes":""},"class_list":["post-572","page","type-page","status-publish","hentry"],"_links":{"self":[{"href":"https:\/\/www.jizdynakoni.cz\/de\/wp-json\/wp\/v2\/pages\/572","targetHints":{"allow":["GET"]}}],"collection":[{"href":"https:\/\/www.jizdynakoni.cz\/de\/wp-json\/wp\/v2\/pages"}],"about":[{"href":"https:\/\/www.jizdynakoni.cz\/de\/wp-json\/wp\/v2\/types\/page"}],"author":[{"embeddable":true,"href":"https:\/\/www.jizdynakoni.cz\/de\/wp-json\/wp\/v2\/users\/3"}],"replies":[{"embeddable":true,"href":"https:\/\/www.jizdynakoni.cz\/de\/wp-json\/wp\/v2\/comments?post=572"}],"version-history":[{"count":10,"href":"https:\/\/www.jizdynakoni.cz\/de\/wp-json\/wp\/v2\/pages\/572\/revisions"}],"predecessor-version":[{"id":630,"href":"https:\/\/www.jizdynakoni.cz\/de\/wp-json\/wp\/v2\/pages\/572\/revisions\/630"}],"wp:attachment":[{"href":"https:\/\/www.jizdynakoni.cz\/de\/wp-json\/wp\/v2\/media?parent=572"}],"curies":[{"name":"wp","href":"https:\/\/api.w.org\/{rel}","templated":true}]}}