{"id":57,"date":"2015-12-20T23:39:08","date_gmt":"2015-12-20T22:39:08","guid":{"rendered":"https:\/\/www.jizdynakoni.cz\/?page_id=57"},"modified":"2026-04-15T23:08:30","modified_gmt":"2026-04-15T22:08:30","slug":"kontakt","status":"publish","type":"page","link":"https:\/\/www.jizdynakoni.cz\/de\/kontakt\/","title":{"rendered":"Kontakt"},"content":{"rendered":"<h3>Ivan Fejfar und Zuzka Pavlov\u00e1<\/h3>\n<p><strong>Zuzka tel.:<\/strong> 608 841 952<br \/>\n<strong>Ivan tel.:<\/strong> 603 247 893<br \/>\n<strong>e-mail:<\/strong><a href=\"mailto:ivan@artedit.cz\"> ivan@artedit.cz<\/a> , <a href=\"mailto:zuzka.pavlova@volny.cz\">zuzka.pavlova@volny.cz<\/a><br \/>\n<strong>Postanschrift:<\/strong><br \/>\nDo\u017eice 10, 33 543 Mlad\u00fd Smolivec, okres Plze\u0148-jih, Plze\u0148sk\u00fd kraj<\/p>\n<p>GPS: 49\u00b031&#8217;9.514&#8220; 13\u00b041&#8217;46.179&#8220;<\/p>\n<p>Das Dorf\u00a0Do\u017eice liegt etwa 40km s\u00fcdlich von Pilsen, zwischen Nepomuk und Ro\u017emit\u00e1l.<\/p>\n<p>Der n\u00e4chste Zugbahnhof ist in Nepomuk, wir k\u00f6nnen Sie mit dem Auto abholen.<\/p>\n<hr \/>\n<p>&nbsp;<br \/>\n<iframe loading=\"lazy\" style=\"border:none\" src=\"https:\/\/mapy.com\/s\/palesofebu\" width=\"1200\" height=\"500\" frameborder=\"0\"><\/iframe>","protected":false},"excerpt":{"rendered":"<p>Ivan Fejfar und Zuzka Pavlov\u00e1 Zuzka tel.: 608 841 952 Ivan tel.: 603 247 893 e-mail: ivan@artedit.cz , zuzka.pavlova@volny.cz Postanschrift: Do\u017eice 10, 33 543 Mlad\u00fd Smolivec, okres Plze\u0148-jih, Plze\u0148sk\u00fd kraj GPS: 49\u00b031&#8217;9.514&#8220; 13\u00b041&#8217;46.179&#8220; Das Dorf\u00a0Do\u017eice liegt etwa 40km s\u00fcdlich von &hellip; <a href=\"https:\/\/www.jizdynakoni.cz\/de\/kontakt\/\">Weiter<\/a><\/p>\n","protected":false},"author":3,"featured_media":0,"parent":0,"menu_order":10,"comment_status":"closed","ping_status":"closed","template":"","meta":{"_exactmetrics_skip_tracking":false,"_exactmetrics_sitenote_active":false,"_exactmetrics_sitenote_note":"","_exactmetrics_sitenote_category":0,"ngg_post_thumbnail":0,"footnotes":""},"class_list":["post-57","page","type-page","status-publish","hentry"],"_links":{"self":[{"href":"https:\/\/www.jizdynakoni.cz\/de\/wp-json\/wp\/v2\/pages\/57","targetHints":{"allow":["GET"]}}],"collection":[{"href":"https:\/\/www.jizdynakoni.cz\/de\/wp-json\/wp\/v2\/pages"}],"about":[{"href":"https:\/\/www.jizdynakoni.cz\/de\/wp-json\/wp\/v2\/types\/page"}],"author":[{"embeddable":true,"href":"https:\/\/www.jizdynakoni.cz\/de\/wp-json\/wp\/v2\/users\/3"}],"replies":[{"embeddable":true,"href":"https:\/\/www.jizdynakoni.cz\/de\/wp-json\/wp\/v2\/comments?post=57"}],"version-history":[{"count":21,"href":"https:\/\/www.jizdynakoni.cz\/de\/wp-json\/wp\/v2\/pages\/57\/revisions"}],"predecessor-version":[{"id":10958,"href":"https:\/\/www.jizdynakoni.cz\/de\/wp-json\/wp\/v2\/pages\/57\/revisions\/10958"}],"wp:attachment":[{"href":"https:\/\/www.jizdynakoni.cz\/de\/wp-json\/wp\/v2\/media?parent=57"}],"curies":[{"name":"wp","href":"https:\/\/api.w.org\/{rel}","templated":true}]}}