{"id":382,"date":"2016-01-02T22:21:51","date_gmt":"2016-01-02T21:21:51","guid":{"rendered":"https:\/\/www.jizdynakoni.cz\/?page_id=382"},"modified":"2023-09-18T22:28:29","modified_gmt":"2023-09-18T21:28:29","slug":"nasi-kone","status":"publish","type":"page","link":"https:\/\/www.jizdynakoni.cz\/de\/nasi-kone\/","title":{"rendered":"Unsere Pferde"},"content":{"rendered":"<h2>Unsere Pferde<\/h2>\n<p><strong>Haroun<\/strong>, Engl. Vollblut-Wallach, geb. 11.3.2005, V: Doneygal, M:Holba (MV:Garnizon), benannt nach dem franz\u00f6sischen Vulkanologen Haroun Tazieff. Er kann sehr temperamentvoll und leistungsf\u00e4hig sein, von seiner Mutter hat er jedoch eine wunderbare Eigenschaft \u2013 er erkennt einen Anf\u00e4nger auf seinem R\u00fccken und ist r\u00fccksichtsvoll zu ihm. Grossartiger Lehrer.<\/p>\n<p><strong>Santah<\/strong>, Engl.Vollblut- Stute, geb. 26.2.2000, V: Tahasun, M:Sulley (MV: Mill Pond), mit ihren 16 Jahren eine erfahrene Leitstute unserer Herde, sensibel und sanft, kann sich aber durchsetzen und l\u00e4sst sich nicht so leicht aus der Ruhe bringen. Als Jungpferd ist sie Rennen gelaufen, und l\u00e4uft auch mal gerne schnell, ist jedoch sehr gehorsam, auch f\u00fcr Anf\u00e4nger geeignet.<\/p>\n<p><strong>Sally (Salava)<\/strong>, Engl.Vollblut- Stute, geb. 12.2.2009, V: Sholokhov, M:Salveta (MV: Arcane), von sehr sanftem und freundlichen Gem\u00fct, aufgrund ihrer Vergangenheit als Rennpferd muss sie jedoch derzeit ihre problematischen Hufe schonen und ist nur f\u00fcr Bodenarbeit geeignet.<\/p>\n<p><strong>Dabir<\/strong>, Vollblutaraber-Wallach, geb. 15.7.2011, V: Shaikh El Sherif, M: Dayfania (MV: Fason), sehr temperamentvoll, freundlich bis frech, f\u00fcr die Bodenlektionen ein idealer Lehrer, der selbst noch viel zu lernen hat und immer testen wird, ob das, was von ihm verlangt wird, auch wirklich ernst gemeint ist. F\u00fcr Ausritte nur f\u00fcr einen erfahrenen Reiter.<\/p>\n<p><strong>Glorie<\/strong>, Welsh-Sportpony-Stute, geb. 6.4.2005, V: Waddenhoeck&#8217;s Colin, M: Goldie, eine gute Lehrerin f\u00fcr Kinder und kleinere Erwachsene. Ein Pony mit einem grossen Herzen, das nicht hinter den gr\u00f6sseren Pferden zur\u00fcckbleiben will und sich nicht von ihnen abschrecken l\u00e4sst.<\/p>\n<p><strong>Emma<\/strong>, Pony-Araber-Stute, geb. 11.3.2008, V: Egyptus, M: Balbina. Seit Oktober 2016 bei uns, sensibel, gelehrig, brav und sehr temperamentvoll- lernt bei uns, dass weniger Aktivit\u00e4t mehr ist&#8230;:-)<\/p>\n<h2>Unsere Fohlen<\/h2>\n<p><strong>Sahara<\/strong>, Anglo-arabische Vollblut- Stute, geb. 23.3.2015, V: Dabir, M: Santah (MV: Tahasun)<br \/>\n<strong>G\u00e1nd\u00ed<\/strong>, Pony-Araber-Wallach, geb. 20.4.2015, V: Dabir, M: Glorie (MV: Waddenhoeck&#8217;s Colin)<\/p>\n<h2>Pferdegalerie<\/h2>\n<p><!-- default-view.php -->\n<div\n\tclass=\"ngg-galleryoverview default-view\n\t ngg-ajax-pagination-none\t\"\n\tid=\"ngg-gallery-feedec37427e14f922332aa9638e214d-1\"\n\tdata-gallery-id=\"52\">\n\n\t\t<!-- Thumbnails -->\n\t\t\t\t<div id=\"ngg-image-0\" class=\"ngg-gallery-thumbnail-box\n\t\t\t\t\t\t\t\t\t\t\t\"\n\t\t\t>\n\t\t\t\t\t\t<div class=\"ngg-gallery-thumbnail\">\n\t\t\t<a href=\"https:\/\/www.jizdynakoni.cz\/wp-content\/gallery\/nasi_kone\/emma.jpg\"\n\t\t\t\ttitle=\"\"\n\t\t\t\tdata-src=\"https:\/\/www.jizdynakoni.cz\/wp-content\/gallery\/nasi_kone\/emma.jpg\"\n\t\t\t\tdata-thumbnail=\"https:\/\/www.jizdynakoni.cz\/wp-content\/gallery\/nasi_kone\/thumbs\/thumbs_emma.jpg\"\n\t\t\t\tdata-image-id=\"732\"\n\t\t\t\tdata-title=\"Emma\"\n\t\t\t\tdata-description=\"\"\n\t\t\t\tdata-image-slug=\"emma\"\n\t\t\t\t\t\t\t\t\t\t\t\t\t\t\t\t\t\t\t\tclass=\"ngg-fancybox\" rel=\"feedec37427e14f922332aa9638e214d\">\n\t\t\t\t\t\t\t\t<img\n\t\t\t\t\ttitle=\"Emma\"\n\t\t\t\t\talt=\"Emma\"\n\t\t\t\t\tsrc=\"https:\/\/www.jizdynakoni.cz\/wp-content\/gallery\/nasi_kone\/cache\/emma.jpg-nggid03732-ngg0dyn-195x130x100-00f0w010c011r110f110r010t010.jpg\"\n\t\t\t\t\twidth=\"195\"\n\t\t\t\t\theight=\"130\"\n\t\t\t\t\tstyle=\"max-width:100%;\"\n\t\t\t\t\/>\n\t\t\t<\/a>\n\t\t<\/div>\n\t\t\t\t\t\t\t<\/div>\n\t\t\t\n\t\t\t\t<div id=\"ngg-image-1\" class=\"ngg-gallery-thumbnail-box\n\t\t\t\t\t\t\t\t\t\t\t\"\n\t\t\t>\n\t\t\t\t\t\t<div class=\"ngg-gallery-thumbnail\">\n\t\t\t<a href=\"https:\/\/www.jizdynakoni.cz\/wp-content\/gallery\/nasi_kone\/36-IFF_3476.JPG\"\n\t\t\t\ttitle=\"\"\n\t\t\t\tdata-src=\"https:\/\/www.jizdynakoni.cz\/wp-content\/gallery\/nasi_kone\/36-IFF_3476.JPG\"\n\t\t\t\tdata-thumbnail=\"https:\/\/www.jizdynakoni.cz\/wp-content\/gallery\/nasi_kone\/thumbs\/thumbs_36-IFF_3476.JPG\"\n\t\t\t\tdata-image-id=\"123\"\n\t\t\t\tdata-title=\"Haroun\"\n\t\t\t\tdata-description=\"\"\n\t\t\t\tdata-image-slug=\"36-iff_3476\"\n\t\t\t\t\t\t\t\t\t\t\t\t\t\t\t\t\t\t\t\tclass=\"ngg-fancybox\" rel=\"feedec37427e14f922332aa9638e214d\">\n\t\t\t\t\t\t\t\t<img\n\t\t\t\t\ttitle=\"Haroun\"\n\t\t\t\t\talt=\"Haroun\"\n\t\t\t\t\tsrc=\"https:\/\/www.jizdynakoni.cz\/wp-content\/gallery\/nasi_kone\/cache\/36-IFF_3476.JPG-nggid03123-ngg0dyn-195x130x100-00f0w010c011r110f110r010t010.JPG\"\n\t\t\t\t\twidth=\"195\"\n\t\t\t\t\theight=\"130\"\n\t\t\t\t\tstyle=\"max-width:100%;\"\n\t\t\t\t\/>\n\t\t\t<\/a>\n\t\t<\/div>\n\t\t\t\t\t\t\t<\/div>\n\t\t\t\n\t\t\t\t<div id=\"ngg-image-2\" class=\"ngg-gallery-thumbnail-box\n\t\t\t\t\t\t\t\t\t\t\t\"\n\t\t\t>\n\t\t\t\t\t\t<div class=\"ngg-gallery-thumbnail\">\n\t\t\t<a href=\"https:\/\/www.jizdynakoni.cz\/wp-content\/gallery\/nasi_kone\/IFF_9354.JPG\"\n\t\t\t\ttitle=\"\"\n\t\t\t\tdata-src=\"https:\/\/www.jizdynakoni.cz\/wp-content\/gallery\/nasi_kone\/IFF_9354.JPG\"\n\t\t\t\tdata-thumbnail=\"https:\/\/www.jizdynakoni.cz\/wp-content\/gallery\/nasi_kone\/thumbs\/thumbs_IFF_9354.JPG\"\n\t\t\t\tdata-image-id=\"135\"\n\t\t\t\tdata-title=\"Haroun\"\n\t\t\t\tdata-description=\"\"\n\t\t\t\tdata-image-slug=\"iff_9354\"\n\t\t\t\t\t\t\t\t\t\t\t\t\t\t\t\t\t\t\t\tclass=\"ngg-fancybox\" rel=\"feedec37427e14f922332aa9638e214d\">\n\t\t\t\t\t\t\t\t<img\n\t\t\t\t\ttitle=\"Haroun\"\n\t\t\t\t\talt=\"Haroun\"\n\t\t\t\t\tsrc=\"https:\/\/www.jizdynakoni.cz\/wp-content\/gallery\/nasi_kone\/cache\/IFF_9354.JPG-nggid03135-ngg0dyn-195x130x100-00f0w010c011r110f110r010t010.JPG\"\n\t\t\t\t\twidth=\"195\"\n\t\t\t\t\theight=\"130\"\n\t\t\t\t\tstyle=\"max-width:100%;\"\n\t\t\t\t\/>\n\t\t\t<\/a>\n\t\t<\/div>\n\t\t\t\t\t\t\t<\/div>\n\t\t\t\n\t\t\t\t<div id=\"ngg-image-3\" class=\"ngg-gallery-thumbnail-box\n\t\t\t\t\t\t\t\t\t\t\t\"\n\t\t\t>\n\t\t\t\t\t\t<div class=\"ngg-gallery-thumbnail\">\n\t\t\t<a href=\"https:\/\/www.jizdynakoni.cz\/wp-content\/gallery\/nasi_kone\/IFF_4456.JPG\"\n\t\t\t\ttitle=\"\"\n\t\t\t\tdata-src=\"https:\/\/www.jizdynakoni.cz\/wp-content\/gallery\/nasi_kone\/IFF_4456.JPG\"\n\t\t\t\tdata-thumbnail=\"https:\/\/www.jizdynakoni.cz\/wp-content\/gallery\/nasi_kone\/thumbs\/thumbs_IFF_4456.JPG\"\n\t\t\t\tdata-image-id=\"132\"\n\t\t\t\tdata-title=\"Haroun\"\n\t\t\t\tdata-description=\"\"\n\t\t\t\tdata-image-slug=\"iff_4456\"\n\t\t\t\t\t\t\t\t\t\t\t\t\t\t\t\t\t\t\t\tclass=\"ngg-fancybox\" rel=\"feedec37427e14f922332aa9638e214d\">\n\t\t\t\t\t\t\t\t<img\n\t\t\t\t\ttitle=\"Haroun\"\n\t\t\t\t\talt=\"Haroun\"\n\t\t\t\t\tsrc=\"https:\/\/www.jizdynakoni.cz\/wp-content\/gallery\/nasi_kone\/cache\/IFF_4456.JPG-nggid03132-ngg0dyn-195x130x100-00f0w010c011r110f110r010t010.JPG\"\n\t\t\t\t\twidth=\"195\"\n\t\t\t\t\theight=\"130\"\n\t\t\t\t\tstyle=\"max-width:100%;\"\n\t\t\t\t\/>\n\t\t\t<\/a>\n\t\t<\/div>\n\t\t\t\t\t\t\t<\/div>\n\t\t\t\n\t\t\t\t<div id=\"ngg-image-4\" class=\"ngg-gallery-thumbnail-box\n\t\t\t\t\t\t\t\t\t\t\t\"\n\t\t\t>\n\t\t\t\t\t\t<div class=\"ngg-gallery-thumbnail\">\n\t\t\t<a href=\"https:\/\/www.jizdynakoni.cz\/wp-content\/gallery\/nasi_kone\/IFF_9678.JPG\"\n\t\t\t\ttitle=\"\"\n\t\t\t\tdata-src=\"https:\/\/www.jizdynakoni.cz\/wp-content\/gallery\/nasi_kone\/IFF_9678.JPG\"\n\t\t\t\tdata-thumbnail=\"https:\/\/www.jizdynakoni.cz\/wp-content\/gallery\/nasi_kone\/thumbs\/thumbs_IFF_9678.JPG\"\n\t\t\t\tdata-image-id=\"136\"\n\t\t\t\tdata-title=\"Santah\"\n\t\t\t\tdata-description=\"\"\n\t\t\t\tdata-image-slug=\"iff_9678\"\n\t\t\t\t\t\t\t\t\t\t\t\t\t\t\t\t\t\t\t\tclass=\"ngg-fancybox\" rel=\"feedec37427e14f922332aa9638e214d\">\n\t\t\t\t\t\t\t\t<img\n\t\t\t\t\ttitle=\"Santah\"\n\t\t\t\t\talt=\"Santah\"\n\t\t\t\t\tsrc=\"https:\/\/www.jizdynakoni.cz\/wp-content\/gallery\/nasi_kone\/cache\/IFF_9678.JPG-nggid03136-ngg0dyn-195x130x100-00f0w010c011r110f110r010t010.JPG\"\n\t\t\t\t\twidth=\"195\"\n\t\t\t\t\theight=\"130\"\n\t\t\t\t\tstyle=\"max-width:100%;\"\n\t\t\t\t\/>\n\t\t\t<\/a>\n\t\t<\/div>\n\t\t\t\t\t\t\t<\/div>\n\t\t\t\n\t\t\t\t<div id=\"ngg-image-5\" class=\"ngg-gallery-thumbnail-box\n\t\t\t\t\t\t\t\t\t\t\t\"\n\t\t\t>\n\t\t\t\t\t\t<div class=\"ngg-gallery-thumbnail\">\n\t\t\t<a href=\"https:\/\/www.jizdynakoni.cz\/wp-content\/gallery\/nasi_kone\/IFF_2621.JPG\"\n\t\t\t\ttitle=\"\"\n\t\t\t\tdata-src=\"https:\/\/www.jizdynakoni.cz\/wp-content\/gallery\/nasi_kone\/IFF_2621.JPG\"\n\t\t\t\tdata-thumbnail=\"https:\/\/www.jizdynakoni.cz\/wp-content\/gallery\/nasi_kone\/thumbs\/thumbs_IFF_2621.JPG\"\n\t\t\t\tdata-image-id=\"126\"\n\t\t\t\tdata-title=\"Santah\"\n\t\t\t\tdata-description=\"\"\n\t\t\t\tdata-image-slug=\"iff_2621\"\n\t\t\t\t\t\t\t\t\t\t\t\t\t\t\t\t\t\t\t\tclass=\"ngg-fancybox\" rel=\"feedec37427e14f922332aa9638e214d\">\n\t\t\t\t\t\t\t\t<img\n\t\t\t\t\ttitle=\"Santah\"\n\t\t\t\t\talt=\"Santah\"\n\t\t\t\t\tsrc=\"https:\/\/www.jizdynakoni.cz\/wp-content\/gallery\/nasi_kone\/cache\/IFF_2621.JPG-nggid03126-ngg0dyn-195x130x100-00f0w010c011r110f110r010t010.JPG\"\n\t\t\t\t\twidth=\"195\"\n\t\t\t\t\theight=\"130\"\n\t\t\t\t\tstyle=\"max-width:100%;\"\n\t\t\t\t\/>\n\t\t\t<\/a>\n\t\t<\/div>\n\t\t\t\t\t\t\t<\/div>\n\t\t\t\n\t\t\t\t<div id=\"ngg-image-6\" class=\"ngg-gallery-thumbnail-box\n\t\t\t\t\t\t\t\t\t\t\t\"\n\t\t\t>\n\t\t\t\t\t\t<div class=\"ngg-gallery-thumbnail\">\n\t\t\t<a href=\"https:\/\/www.jizdynakoni.cz\/wp-content\/gallery\/nasi_kone\/IFF_0919.JPG\"\n\t\t\t\ttitle=\"\"\n\t\t\t\tdata-src=\"https:\/\/www.jizdynakoni.cz\/wp-content\/gallery\/nasi_kone\/IFF_0919.JPG\"\n\t\t\t\tdata-thumbnail=\"https:\/\/www.jizdynakoni.cz\/wp-content\/gallery\/nasi_kone\/thumbs\/thumbs_IFF_0919.JPG\"\n\t\t\t\tdata-image-id=\"124\"\n\t\t\t\tdata-title=\"Santah se Saharou\"\n\t\t\t\tdata-description=\"\"\n\t\t\t\tdata-image-slug=\"iff_0919\"\n\t\t\t\t\t\t\t\t\t\t\t\t\t\t\t\t\t\t\t\tclass=\"ngg-fancybox\" rel=\"feedec37427e14f922332aa9638e214d\">\n\t\t\t\t\t\t\t\t<img\n\t\t\t\t\ttitle=\"Santah se Saharou\"\n\t\t\t\t\talt=\"Santah se Saharou\"\n\t\t\t\t\tsrc=\"https:\/\/www.jizdynakoni.cz\/wp-content\/gallery\/nasi_kone\/cache\/IFF_0919.JPG-nggid03124-ngg0dyn-195x130x100-00f0w010c011r110f110r010t010.JPG\"\n\t\t\t\t\twidth=\"195\"\n\t\t\t\t\theight=\"130\"\n\t\t\t\t\tstyle=\"max-width:100%;\"\n\t\t\t\t\/>\n\t\t\t<\/a>\n\t\t<\/div>\n\t\t\t\t\t\t\t<\/div>\n\t\t\t\n\t\t\t\t<div id=\"ngg-image-7\" class=\"ngg-gallery-thumbnail-box\n\t\t\t\t\t\t\t\t\t\t\t\"\n\t\t\t>\n\t\t\t\t\t\t<div class=\"ngg-gallery-thumbnail\">\n\t\t\t<a href=\"https:\/\/www.jizdynakoni.cz\/wp-content\/gallery\/nasi_kone\/IFF_2262.jpg\"\n\t\t\t\ttitle=\"\"\n\t\t\t\tdata-src=\"https:\/\/www.jizdynakoni.cz\/wp-content\/gallery\/nasi_kone\/IFF_2262.jpg\"\n\t\t\t\tdata-thumbnail=\"https:\/\/www.jizdynakoni.cz\/wp-content\/gallery\/nasi_kone\/thumbs\/thumbs_IFF_2262.jpg\"\n\t\t\t\tdata-image-id=\"125\"\n\t\t\t\tdata-title=\"Dabir\"\n\t\t\t\tdata-description=\"\"\n\t\t\t\tdata-image-slug=\"iff_2262\"\n\t\t\t\t\t\t\t\t\t\t\t\t\t\t\t\t\t\t\t\tclass=\"ngg-fancybox\" rel=\"feedec37427e14f922332aa9638e214d\">\n\t\t\t\t\t\t\t\t<img\n\t\t\t\t\ttitle=\"Dabir\"\n\t\t\t\t\talt=\"Dabir\"\n\t\t\t\t\tsrc=\"https:\/\/www.jizdynakoni.cz\/wp-content\/gallery\/nasi_kone\/cache\/IFF_2262.jpg-nggid03125-ngg0dyn-195x130x100-00f0w010c011r110f110r010t010.jpg\"\n\t\t\t\t\twidth=\"195\"\n\t\t\t\t\theight=\"130\"\n\t\t\t\t\tstyle=\"max-width:100%;\"\n\t\t\t\t\/>\n\t\t\t<\/a>\n\t\t<\/div>\n\t\t\t\t\t\t\t<\/div>\n\t\t\t\n\t\t\t\t<div id=\"ngg-image-8\" class=\"ngg-gallery-thumbnail-box\n\t\t\t\t\t\t\t\t\t\t\t\"\n\t\t\t>\n\t\t\t\t\t\t<div class=\"ngg-gallery-thumbnail\">\n\t\t\t<a href=\"https:\/\/www.jizdynakoni.cz\/wp-content\/gallery\/nasi_kone\/19-IFF_3458.jpg\"\n\t\t\t\ttitle=\"\"\n\t\t\t\tdata-src=\"https:\/\/www.jizdynakoni.cz\/wp-content\/gallery\/nasi_kone\/19-IFF_3458.jpg\"\n\t\t\t\tdata-thumbnail=\"https:\/\/www.jizdynakoni.cz\/wp-content\/gallery\/nasi_kone\/thumbs\/thumbs_19-IFF_3458.jpg\"\n\t\t\t\tdata-image-id=\"121\"\n\t\t\t\tdata-title=\"Dabir se Zuzkou\"\n\t\t\t\tdata-description=\"\"\n\t\t\t\tdata-image-slug=\"19-iff_3458\"\n\t\t\t\t\t\t\t\t\t\t\t\t\t\t\t\t\t\t\t\tclass=\"ngg-fancybox\" rel=\"feedec37427e14f922332aa9638e214d\">\n\t\t\t\t\t\t\t\t<img\n\t\t\t\t\ttitle=\"Dabir se Zuzkou\"\n\t\t\t\t\talt=\"Dabir se Zuzkou\"\n\t\t\t\t\tsrc=\"https:\/\/www.jizdynakoni.cz\/wp-content\/gallery\/nasi_kone\/cache\/19-IFF_3458.jpg-nggid03121-ngg0dyn-195x130x100-00f0w010c011r110f110r010t010.jpg\"\n\t\t\t\t\twidth=\"195\"\n\t\t\t\t\theight=\"130\"\n\t\t\t\t\tstyle=\"max-width:100%;\"\n\t\t\t\t\/>\n\t\t\t<\/a>\n\t\t<\/div>\n\t\t\t\t\t\t\t<\/div>\n\t\t\t\n\t\t\t\t<div id=\"ngg-image-9\" class=\"ngg-gallery-thumbnail-box\n\t\t\t\t\t\t\t\t\t\t\t\"\n\t\t\t>\n\t\t\t\t\t\t<div class=\"ngg-gallery-thumbnail\">\n\t\t\t<a href=\"https:\/\/www.jizdynakoni.cz\/wp-content\/gallery\/nasi_kone\/IFF_2669.jpg\"\n\t\t\t\ttitle=\"\"\n\t\t\t\tdata-src=\"https:\/\/www.jizdynakoni.cz\/wp-content\/gallery\/nasi_kone\/IFF_2669.jpg\"\n\t\t\t\tdata-thumbnail=\"https:\/\/www.jizdynakoni.cz\/wp-content\/gallery\/nasi_kone\/thumbs\/thumbs_IFF_2669.jpg\"\n\t\t\t\tdata-image-id=\"127\"\n\t\t\t\tdata-title=\"Dabir\"\n\t\t\t\tdata-description=\"\"\n\t\t\t\tdata-image-slug=\"iff_2669\"\n\t\t\t\t\t\t\t\t\t\t\t\t\t\t\t\t\t\t\t\tclass=\"ngg-fancybox\" rel=\"feedec37427e14f922332aa9638e214d\">\n\t\t\t\t\t\t\t\t<img\n\t\t\t\t\ttitle=\"Dabir\"\n\t\t\t\t\talt=\"Dabir\"\n\t\t\t\t\tsrc=\"https:\/\/www.jizdynakoni.cz\/wp-content\/gallery\/nasi_kone\/cache\/IFF_2669.jpg-nggid03127-ngg0dyn-195x130x100-00f0w010c011r110f110r010t010.jpg\"\n\t\t\t\t\twidth=\"195\"\n\t\t\t\t\theight=\"130\"\n\t\t\t\t\tstyle=\"max-width:100%;\"\n\t\t\t\t\/>\n\t\t\t<\/a>\n\t\t<\/div>\n\t\t\t\t\t\t\t<\/div>\n\t\t\t\n\t\t\t\t<div id=\"ngg-image-10\" class=\"ngg-gallery-thumbnail-box\n\t\t\t\t\t\t\t\t\t\t\t\"\n\t\t\t>\n\t\t\t\t\t\t<div class=\"ngg-gallery-thumbnail\">\n\t\t\t<a href=\"https:\/\/www.jizdynakoni.cz\/wp-content\/gallery\/nasi_kone\/IFF_4498.jpg\"\n\t\t\t\ttitle=\"\"\n\t\t\t\tdata-src=\"https:\/\/www.jizdynakoni.cz\/wp-content\/gallery\/nasi_kone\/IFF_4498.jpg\"\n\t\t\t\tdata-thumbnail=\"https:\/\/www.jizdynakoni.cz\/wp-content\/gallery\/nasi_kone\/thumbs\/thumbs_IFF_4498.jpg\"\n\t\t\t\tdata-image-id=\"133\"\n\t\t\t\tdata-title=\"Glorie\"\n\t\t\t\tdata-description=\"\"\n\t\t\t\tdata-image-slug=\"iff_4498\"\n\t\t\t\t\t\t\t\t\t\t\t\t\t\t\t\t\t\t\t\tclass=\"ngg-fancybox\" rel=\"feedec37427e14f922332aa9638e214d\">\n\t\t\t\t\t\t\t\t<img\n\t\t\t\t\ttitle=\"Glorie\"\n\t\t\t\t\talt=\"Glorie\"\n\t\t\t\t\tsrc=\"https:\/\/www.jizdynakoni.cz\/wp-content\/gallery\/nasi_kone\/cache\/IFF_4498.jpg-nggid03133-ngg0dyn-195x130x100-00f0w010c011r110f110r010t010.jpg\"\n\t\t\t\t\twidth=\"195\"\n\t\t\t\t\theight=\"130\"\n\t\t\t\t\tstyle=\"max-width:100%;\"\n\t\t\t\t\/>\n\t\t\t<\/a>\n\t\t<\/div>\n\t\t\t\t\t\t\t<\/div>\n\t\t\t\n\t\t\t\t<div id=\"ngg-image-11\" class=\"ngg-gallery-thumbnail-box\n\t\t\t\t\t\t\t\t\t\t\t\"\n\t\t\t>\n\t\t\t\t\t\t<div class=\"ngg-gallery-thumbnail\">\n\t\t\t<a href=\"https:\/\/www.jizdynakoni.cz\/wp-content\/gallery\/nasi_kone\/15-IFF_3952.jpg\"\n\t\t\t\ttitle=\"\"\n\t\t\t\tdata-src=\"https:\/\/www.jizdynakoni.cz\/wp-content\/gallery\/nasi_kone\/15-IFF_3952.jpg\"\n\t\t\t\tdata-thumbnail=\"https:\/\/www.jizdynakoni.cz\/wp-content\/gallery\/nasi_kone\/thumbs\/thumbs_15-IFF_3952.jpg\"\n\t\t\t\tdata-image-id=\"120\"\n\t\t\t\tdata-title=\"Glorie s Johanem\"\n\t\t\t\tdata-description=\"\"\n\t\t\t\tdata-image-slug=\"15-iff_3952\"\n\t\t\t\t\t\t\t\t\t\t\t\t\t\t\t\t\t\t\t\tclass=\"ngg-fancybox\" rel=\"feedec37427e14f922332aa9638e214d\">\n\t\t\t\t\t\t\t\t<img\n\t\t\t\t\ttitle=\"Glorie s Johanem\"\n\t\t\t\t\talt=\"Glorie s Johanem\"\n\t\t\t\t\tsrc=\"https:\/\/www.jizdynakoni.cz\/wp-content\/gallery\/nasi_kone\/cache\/15-IFF_3952.jpg-nggid03120-ngg0dyn-195x130x100-00f0w010c011r110f110r010t010.jpg\"\n\t\t\t\t\twidth=\"195\"\n\t\t\t\t\theight=\"130\"\n\t\t\t\t\tstyle=\"max-width:100%;\"\n\t\t\t\t\/>\n\t\t\t<\/a>\n\t\t<\/div>\n\t\t\t\t\t\t\t<\/div>\n\t\t\t\n\t\t\t\t<div id=\"ngg-image-12\" class=\"ngg-gallery-thumbnail-box\n\t\t\t\t\t\t\t\t\t\t\t\"\n\t\t\t>\n\t\t\t\t\t\t<div class=\"ngg-gallery-thumbnail\">\n\t\t\t<a href=\"https:\/\/www.jizdynakoni.cz\/wp-content\/gallery\/nasi_kone\/IFF_3636.jpg\"\n\t\t\t\ttitle=\"\"\n\t\t\t\tdata-src=\"https:\/\/www.jizdynakoni.cz\/wp-content\/gallery\/nasi_kone\/IFF_3636.jpg\"\n\t\t\t\tdata-thumbnail=\"https:\/\/www.jizdynakoni.cz\/wp-content\/gallery\/nasi_kone\/thumbs\/thumbs_IFF_3636.jpg\"\n\t\t\t\tdata-image-id=\"129\"\n\t\t\t\tdata-title=\"Glorie\"\n\t\t\t\tdata-description=\"\"\n\t\t\t\tdata-image-slug=\"iff_3636\"\n\t\t\t\t\t\t\t\t\t\t\t\t\t\t\t\t\t\t\t\tclass=\"ngg-fancybox\" rel=\"feedec37427e14f922332aa9638e214d\">\n\t\t\t\t\t\t\t\t<img\n\t\t\t\t\ttitle=\"Glorie\"\n\t\t\t\t\talt=\"Glorie\"\n\t\t\t\t\tsrc=\"https:\/\/www.jizdynakoni.cz\/wp-content\/gallery\/nasi_kone\/cache\/IFF_3636.jpg-nggid03129-ngg0dyn-195x130x100-00f0w010c011r110f110r010t010.jpg\"\n\t\t\t\t\twidth=\"195\"\n\t\t\t\t\theight=\"130\"\n\t\t\t\t\tstyle=\"max-width:100%;\"\n\t\t\t\t\/>\n\t\t\t<\/a>\n\t\t<\/div>\n\t\t\t\t\t\t\t<\/div>\n\t\t\t\n\t\t\t\t<div id=\"ngg-image-13\" class=\"ngg-gallery-thumbnail-box\n\t\t\t\t\t\t\t\t\t\t\t\"\n\t\t\t>\n\t\t\t\t\t\t<div class=\"ngg-gallery-thumbnail\">\n\t\t\t<a href=\"https:\/\/www.jizdynakoni.cz\/wp-content\/gallery\/nasi_kone\/IFF_4219.JPG\"\n\t\t\t\ttitle=\"\"\n\t\t\t\tdata-src=\"https:\/\/www.jizdynakoni.cz\/wp-content\/gallery\/nasi_kone\/IFF_4219.JPG\"\n\t\t\t\tdata-thumbnail=\"https:\/\/www.jizdynakoni.cz\/wp-content\/gallery\/nasi_kone\/thumbs\/thumbs_IFF_4219.JPG\"\n\t\t\t\tdata-image-id=\"131\"\n\t\t\t\tdata-title=\"Sally\"\n\t\t\t\tdata-description=\"\"\n\t\t\t\tdata-image-slug=\"iff_4219\"\n\t\t\t\t\t\t\t\t\t\t\t\t\t\t\t\t\t\t\t\tclass=\"ngg-fancybox\" rel=\"feedec37427e14f922332aa9638e214d\">\n\t\t\t\t\t\t\t\t<img\n\t\t\t\t\ttitle=\"Sally\"\n\t\t\t\t\talt=\"Sally\"\n\t\t\t\t\tsrc=\"https:\/\/www.jizdynakoni.cz\/wp-content\/gallery\/nasi_kone\/cache\/IFF_4219.JPG-nggid03131-ngg0dyn-195x130x100-00f0w010c011r110f110r010t010.JPG\"\n\t\t\t\t\twidth=\"195\"\n\t\t\t\t\theight=\"130\"\n\t\t\t\t\tstyle=\"max-width:100%;\"\n\t\t\t\t\/>\n\t\t\t<\/a>\n\t\t<\/div>\n\t\t\t\t\t\t\t<\/div>\n\t\t\t\n\t\t\t\t<div id=\"ngg-image-14\" class=\"ngg-gallery-thumbnail-box\n\t\t\t\t\t\t\t\t\t\t\t\"\n\t\t\t>\n\t\t\t\t\t\t<div class=\"ngg-gallery-thumbnail\">\n\t\t\t<a href=\"https:\/\/www.jizdynakoni.cz\/wp-content\/gallery\/nasi_kone\/IFF_9689.JPG\"\n\t\t\t\ttitle=\"\"\n\t\t\t\tdata-src=\"https:\/\/www.jizdynakoni.cz\/wp-content\/gallery\/nasi_kone\/IFF_9689.JPG\"\n\t\t\t\tdata-thumbnail=\"https:\/\/www.jizdynakoni.cz\/wp-content\/gallery\/nasi_kone\/thumbs\/thumbs_IFF_9689.JPG\"\n\t\t\t\tdata-image-id=\"137\"\n\t\t\t\tdata-title=\"Sally\"\n\t\t\t\tdata-description=\"\"\n\t\t\t\tdata-image-slug=\"iff_9689\"\n\t\t\t\t\t\t\t\t\t\t\t\t\t\t\t\t\t\t\t\tclass=\"ngg-fancybox\" rel=\"feedec37427e14f922332aa9638e214d\">\n\t\t\t\t\t\t\t\t<img\n\t\t\t\t\ttitle=\"Sally\"\n\t\t\t\t\talt=\"Sally\"\n\t\t\t\t\tsrc=\"https:\/\/www.jizdynakoni.cz\/wp-content\/gallery\/nasi_kone\/cache\/IFF_9689.JPG-nggid03137-ngg0dyn-195x130x100-00f0w010c011r110f110r010t010.JPG\"\n\t\t\t\t\twidth=\"195\"\n\t\t\t\t\theight=\"130\"\n\t\t\t\t\tstyle=\"max-width:100%;\"\n\t\t\t\t\/>\n\t\t\t<\/a>\n\t\t<\/div>\n\t\t\t\t\t\t\t<\/div>\n\t\t\t\n\t\t\t\t<div id=\"ngg-image-15\" class=\"ngg-gallery-thumbnail-box\n\t\t\t\t\t\t\t\t\t\t\t\"\n\t\t\t>\n\t\t\t\t\t\t<div class=\"ngg-gallery-thumbnail\">\n\t\t\t<a href=\"https:\/\/www.jizdynakoni.cz\/wp-content\/gallery\/nasi_kone\/IFF_4908.jpg\"\n\t\t\t\ttitle=\"\"\n\t\t\t\tdata-src=\"https:\/\/www.jizdynakoni.cz\/wp-content\/gallery\/nasi_kone\/IFF_4908.jpg\"\n\t\t\t\tdata-thumbnail=\"https:\/\/www.jizdynakoni.cz\/wp-content\/gallery\/nasi_kone\/thumbs\/thumbs_IFF_4908.jpg\"\n\t\t\t\tdata-image-id=\"134\"\n\t\t\t\tdata-title=\"Sally s Helenkou\"\n\t\t\t\tdata-description=\"\"\n\t\t\t\tdata-image-slug=\"iff_4908\"\n\t\t\t\t\t\t\t\t\t\t\t\t\t\t\t\t\t\t\t\tclass=\"ngg-fancybox\" rel=\"feedec37427e14f922332aa9638e214d\">\n\t\t\t\t\t\t\t\t<img\n\t\t\t\t\ttitle=\"Sally s Helenkou\"\n\t\t\t\t\talt=\"Sally s Helenkou\"\n\t\t\t\t\tsrc=\"https:\/\/www.jizdynakoni.cz\/wp-content\/gallery\/nasi_kone\/cache\/IFF_4908.jpg-nggid03134-ngg0dyn-195x130x100-00f0w010c011r110f110r010t010.jpg\"\n\t\t\t\t\twidth=\"195\"\n\t\t\t\t\theight=\"130\"\n\t\t\t\t\tstyle=\"max-width:100%;\"\n\t\t\t\t\/>\n\t\t\t<\/a>\n\t\t<\/div>\n\t\t\t\t\t\t\t<\/div>\n\t\t\t\n\t\t\t\t<div id=\"ngg-image-16\" class=\"ngg-gallery-thumbnail-box\n\t\t\t\t\t\t\t\t\t\t\t\"\n\t\t\t>\n\t\t\t\t\t\t<div class=\"ngg-gallery-thumbnail\">\n\t\t\t<a href=\"https:\/\/www.jizdynakoni.cz\/wp-content\/gallery\/nasi_kone\/24-IFF_3463.jpg\"\n\t\t\t\ttitle=\"\"\n\t\t\t\tdata-src=\"https:\/\/www.jizdynakoni.cz\/wp-content\/gallery\/nasi_kone\/24-IFF_3463.jpg\"\n\t\t\t\tdata-thumbnail=\"https:\/\/www.jizdynakoni.cz\/wp-content\/gallery\/nasi_kone\/thumbs\/thumbs_24-IFF_3463.jpg\"\n\t\t\t\tdata-image-id=\"122\"\n\t\t\t\tdata-title=\"Sahara\"\n\t\t\t\tdata-description=\"\"\n\t\t\t\tdata-image-slug=\"24-iff_3463\"\n\t\t\t\t\t\t\t\t\t\t\t\t\t\t\t\t\t\t\t\tclass=\"ngg-fancybox\" rel=\"feedec37427e14f922332aa9638e214d\">\n\t\t\t\t\t\t\t\t<img\n\t\t\t\t\ttitle=\"Sahara\"\n\t\t\t\t\talt=\"Sahara\"\n\t\t\t\t\tsrc=\"https:\/\/www.jizdynakoni.cz\/wp-content\/gallery\/nasi_kone\/cache\/24-IFF_3463.jpg-nggid03122-ngg0dyn-195x130x100-00f0w010c011r110f110r010t010.jpg\"\n\t\t\t\t\twidth=\"195\"\n\t\t\t\t\theight=\"130\"\n\t\t\t\t\tstyle=\"max-width:100%;\"\n\t\t\t\t\/>\n\t\t\t<\/a>\n\t\t<\/div>\n\t\t\t\t\t\t\t<\/div>\n\t\t\t\n\t\t\t\t<div id=\"ngg-image-17\" class=\"ngg-gallery-thumbnail-box\n\t\t\t\t\t\t\t\t\t\t\t\"\n\t\t\t>\n\t\t\t\t\t\t<div class=\"ngg-gallery-thumbnail\">\n\t\t\t<a href=\"https:\/\/www.jizdynakoni.cz\/wp-content\/gallery\/nasi_kone\/IFF_3638.jpg\"\n\t\t\t\ttitle=\"\"\n\t\t\t\tdata-src=\"https:\/\/www.jizdynakoni.cz\/wp-content\/gallery\/nasi_kone\/IFF_3638.jpg\"\n\t\t\t\tdata-thumbnail=\"https:\/\/www.jizdynakoni.cz\/wp-content\/gallery\/nasi_kone\/thumbs\/thumbs_IFF_3638.jpg\"\n\t\t\t\tdata-image-id=\"130\"\n\t\t\t\tdata-title=\"G\u00e1nd\u00ed\"\n\t\t\t\tdata-description=\"\"\n\t\t\t\tdata-image-slug=\"iff_3638\"\n\t\t\t\t\t\t\t\t\t\t\t\t\t\t\t\t\t\t\t\tclass=\"ngg-fancybox\" rel=\"feedec37427e14f922332aa9638e214d\">\n\t\t\t\t\t\t\t\t<img\n\t\t\t\t\ttitle=\"G\u00e1nd\u00ed\"\n\t\t\t\t\talt=\"G\u00e1nd\u00ed\"\n\t\t\t\t\tsrc=\"https:\/\/www.jizdynakoni.cz\/wp-content\/gallery\/nasi_kone\/cache\/IFF_3638.jpg-nggid03130-ngg0dyn-195x130x100-00f0w010c011r110f110r010t010.jpg\"\n\t\t\t\t\twidth=\"195\"\n\t\t\t\t\theight=\"130\"\n\t\t\t\t\tstyle=\"max-width:100%;\"\n\t\t\t\t\/>\n\t\t\t<\/a>\n\t\t<\/div>\n\t\t\t\t\t\t\t<\/div>\n\t\t\t\n\t\t\t\t<div id=\"ngg-image-18\" class=\"ngg-gallery-thumbnail-box\n\t\t\t\t\t\t\t\t\t\t\t\"\n\t\t\t>\n\t\t\t\t\t\t<div class=\"ngg-gallery-thumbnail\">\n\t\t\t<a href=\"https:\/\/www.jizdynakoni.cz\/wp-content\/gallery\/nasi_kone\/IFF_2699.jpg\"\n\t\t\t\ttitle=\"\"\n\t\t\t\tdata-src=\"https:\/\/www.jizdynakoni.cz\/wp-content\/gallery\/nasi_kone\/IFF_2699.jpg\"\n\t\t\t\tdata-thumbnail=\"https:\/\/www.jizdynakoni.cz\/wp-content\/gallery\/nasi_kone\/thumbs\/thumbs_IFF_2699.jpg\"\n\t\t\t\tdata-image-id=\"128\"\n\t\t\t\tdata-title=\"Glorie s G\u00e1nd\u00edm\"\n\t\t\t\tdata-description=\"\"\n\t\t\t\tdata-image-slug=\"iff_2699\"\n\t\t\t\t\t\t\t\t\t\t\t\t\t\t\t\t\t\t\t\tclass=\"ngg-fancybox\" rel=\"feedec37427e14f922332aa9638e214d\">\n\t\t\t\t\t\t\t\t<img\n\t\t\t\t\ttitle=\"Glorie s G\u00e1nd\u00edm\"\n\t\t\t\t\talt=\"Glorie s G\u00e1nd\u00edm\"\n\t\t\t\t\tsrc=\"https:\/\/www.jizdynakoni.cz\/wp-content\/gallery\/nasi_kone\/cache\/IFF_2699.jpg-nggid03128-ngg0dyn-195x130x100-00f0w010c011r110f110r010t010.jpg\"\n\t\t\t\t\twidth=\"195\"\n\t\t\t\t\theight=\"130\"\n\t\t\t\t\tstyle=\"max-width:100%;\"\n\t\t\t\t\/>\n\t\t\t<\/a>\n\t\t<\/div>\n\t\t\t\t\t\t\t<\/div>\n\t\t\t\n\t\n\t<br style=\"clear: both\" \/>\n\n\t\t<div class=\"slideshowlink\">\n\t\t<a href='https:\/\/www.jizdynakoni.cz\/de\/nasi-kone\/nggallery\/slideshow'>[Uk\u00e1zat prezentaci]<\/a>\n\n\t<\/div>\n\t\n\t\t<!-- Pagination -->\n\t\t<div class='ngg-clear'><\/div>\t<\/div>\n","protected":false},"excerpt":{"rendered":"<p>Unsere Pferde Haroun, Engl. Vollblut-Wallach, geb. 11.3.2005, V: Doneygal, M:Holba (MV:Garnizon), benannt nach dem franz\u00f6sischen Vulkanologen Haroun Tazieff. Er kann sehr temperamentvoll und leistungsf\u00e4hig sein, von seiner Mutter hat er jedoch eine wunderbare Eigenschaft \u2013 er erkennt einen Anf\u00e4nger auf &hellip; <a href=\"https:\/\/www.jizdynakoni.cz\/de\/nasi-kone\/\">Weiter<\/a><\/p>\n","protected":false},"author":3,"featured_media":497,"parent":0,"menu_order":8,"comment_status":"closed","ping_status":"closed","template":"","meta":{"_exactmetrics_skip_tracking":false,"_exactmetrics_sitenote_active":false,"_exactmetrics_sitenote_note":"","_exactmetrics_sitenote_category":0,"ngg_post_thumbnail":0,"footnotes":""},"class_list":["post-382","page","type-page","status-publish","has-post-thumbnail","hentry"],"_links":{"self":[{"href":"https:\/\/www.jizdynakoni.cz\/de\/wp-json\/wp\/v2\/pages\/382","targetHints":{"allow":["GET"]}}],"collection":[{"href":"https:\/\/www.jizdynakoni.cz\/de\/wp-json\/wp\/v2\/pages"}],"about":[{"href":"https:\/\/www.jizdynakoni.cz\/de\/wp-json\/wp\/v2\/types\/page"}],"author":[{"embeddable":true,"href":"https:\/\/www.jizdynakoni.cz\/de\/wp-json\/wp\/v2\/users\/3"}],"replies":[{"embeddable":true,"href":"https:\/\/www.jizdynakoni.cz\/de\/wp-json\/wp\/v2\/comments?post=382"}],"version-history":[{"count":33,"href":"https:\/\/www.jizdynakoni.cz\/de\/wp-json\/wp\/v2\/pages\/382\/revisions"}],"predecessor-version":[{"id":10041,"href":"https:\/\/www.jizdynakoni.cz\/de\/wp-json\/wp\/v2\/pages\/382\/revisions\/10041"}],"wp:featuredmedia":[{"embeddable":true,"href":"https:\/\/www.jizdynakoni.cz\/de\/wp-json\/wp\/v2\/media\/497"}],"wp:attachment":[{"href":"https:\/\/www.jizdynakoni.cz\/de\/wp-json\/wp\/v2\/media?parent=382"}],"curies":[{"name":"wp","href":"https:\/\/api.w.org\/{rel}","templated":true}]}}