{"id":26,"date":"2015-12-20T16:50:02","date_gmt":"2015-12-20T15:50:02","guid":{"rendered":"https:\/\/www.jizdynakoni.cz\/?page_id=26"},"modified":"2026-04-15T22:40:27","modified_gmt":"2026-04-15T21:40:27","slug":"jizdy-na-konich-ubytovani-ustajeni-koni-ekoturistika","status":"publish","type":"page","link":"https:\/\/www.jizdynakoni.cz\/de\/","title":{"rendered":"\u00d6kotouristik, Pferdeausritte, Unterkunft, Weideplatzunterkunft f\u00fcr Pferde"},"content":{"rendered":"<h1>Die Do\u017eicer M\u00fchle &#8211; \u00d6kotouristik<\/h1>\n<p>&nbsp;<\/p>\n<p>Herzlich willkommen in unserer M\u00fchle \u2013 abseits der Zivilisation zwischen Wiesen, Feldern und W\u00e4ldern bei einem Badeteich in der N\u00e4he vom Dorf Do\u017eice. Do\u017eice liegt zwischen Nepomuk und Ro\u017emil\u00e1l pod T\u0159em\u0161\u00ednem, etwa 40km s\u00fcdlich von Pilsen.<\/p>\n<p>Eigene Pferde haben wir seit 1997. In die Do\u017eicer M\u00fchle sind wir im Sommer 2015 mit unserer 7-k\u00f6pfigen Pferdeherde, Ziegen, H\u00fchnern und Katzen aus dem Hof in der N\u00e4he von Karlstein bei Prag \u00fcbergesiedelt. Inzwischen sind noch Schafe dazugekommen&#8230;<\/p>\n<p>Wir haben Erfahrungen mit der Ausbildung sowohl von kleinen als auch erwachsenen Reitern. Unsere Absicht ist es, in Do\u017eice eine angenehme, originelle Umgebung f\u00fcr \u00d6kotouristik zu schaffen. Wir bieten neben Unterkunft auf der Farm auch das Zusammensein mit Pferden im Stil des \u201enatural horsemanship\u201c an, betreiben Weideaufzucht von Pferden, Ziegen und Schafen, haben Bienen und im Herbst machen wir selbst Apfel- und Birnenmost.<\/p>\n<p>Unsere Art auf Pferde zuzugehen ist einerseits von unseren Reisen in die Mongolei in den Jahren 2000, 2005 und 2010 gepr\u00e4gt &#8211; eine weitere grosse Anregung und die T\u00fcr in die Welt des Natural Horsemanship ist uns seit 2007 Eli\u0161ka \u0160ulcov\u00e1, dank ihr haben wir gelernt, mit Pferden auf eine empfindsame und freudige Weise umzugehen. Auf diese Weise gehen wir auch auf unsere Fohlen zu, reiten unsere Jungpfere zu und unterrichten unsere Klienten.<\/p>\n<p>Unsere Pferde sind unbeschlagen, wir reiten ohne Trense nur mit Seilhalftern (und Sattel) und g\u00f6nnen ihnen die ganzj\u00e4hrliche M\u00f6glichkeit draussen auf der Koppel zu sein. Die Scheune, die ihnen als Unterschlupf bei schlechtem Wetter dient, ben\u00fctzen sie nur, wenn sie dort auch etwas zu fressen finden, ansonsten geben sie eindeutig der freien Wiese Vorrang.<\/p>\n<p>In der Do\u017eicer M\u00fchle haben wir f\u00fcr unsere Besucher einen stillen idyllischen Ort geschaffen, wo Sie sich wohlf\u00fchlen und entspannen k\u00f6nnen, ausruhem vom Stress des Alltags.<\/p>\n<p>Sie haben die M\u00f6glichkeit, sich einfach nur zwischen Pferden, Schafen, Ziegen, H\u00fchnern, Katzen und Bienen aufzuhalten und abzuschalten, Sie k\u00f6nnen sich aber auch mit den Grundlagen des Natural Horsemanship vertraut machen, an Ihrem Reitstil arbeiten oder sich einen Ausritt mit einem erfahrenen Begleiter g\u00f6nnen. Es besteht auch die M\u00f6glichkeit, eine mehrt\u00e4gige Reise auf dem Pferder\u00fccken zu absolvieren.<\/p>\n<p>Die wundersch\u00f6ne Landschaft rund um Do\u017eice lockt zu Spazierg\u00e4ngen an, bei sch\u00f6nem Wetter kann man in Teich direkt neben dem Haus baden oder einen Bootausflug machen.<\/p>\n<p>Wir sind bald auch dabei, Workshops anzubieten \u2013 z.B. f\u00fcr Liebhaber der Apfelmostherstellung, sowie der Weiteverarbeitung von Most zu Cidre, Apfelessig oder Calvados.<\/p>\n<h4>&nbsp;<\/h4>\n<h4>Auf Ihren Besuch freut sich<strong>&nbsp;Ivan Fejfar<\/strong><\/h4>\n<h4><span style=\"color: #333333;\"><span style=\"font-family: 'Helvetica Ne\u00fc', Helvetica, Arial, sans-serif;\"><span style=\"font-size: small;\"><b>Unsere Empfehlunfen:<\/b><\/span><\/span><\/span><\/h4>\n<p><span style=\"color: #333333;\"><span style=\"font-family: 'Helvetica Ne\u00fc', Helvetica, Arial, sans-serif;\"><span style=\"font-size: small;\"><a href=\"http:\/\/www.malovaninatricka.euweb.cz\/\">http:\/\/www.malovaninatricka.euweb.cz\/<\/a><br \/>\n<a href=\"http:\/\/www.calounictvi-dekoraterstvi.cz\/meditacni-polstare\" target=\"_blank\" rel=\"noopener\">http:\/\/www.calounictvi-dekoraterstvi.cz\/meditacni-polstare<\/a><\/span><\/span><\/span><\/p>\nngg_shortcode_0_placeholder\n<h1>Die Do\u017eicer M\u00fchle &#8211; \u00d6kotouristik<\/h1>\n<p>&nbsp;<\/p>\n<p>Herzlich willkommen in unserer M\u00fchle \u2013 abseits der Zivilisation zwischen Wiesen, Feldern und W\u00e4ldern bei einem Badeteich in der N\u00e4he vom Dorf Do\u017eice. Do\u017eice liegt zwischen Nepomuk und Ro\u017emil\u00e1l pod T\u0159em\u0161\u00ednem, etwa 40km s\u00fcdlich von Pilsen.<\/p>\n<p>Eigene Pferde haben wir seit 1997. In die Do\u017eicer M\u00fchle sind wir im Sommer 2015 mit unserer 7-k\u00f6pfigen Pferdeherde, Ziegen, H\u00fchnern und Katzen aus dem Hof in der N\u00e4he von Karlstein bei Prag \u00fcbergesiedelt. Inzwischen sind noch Schafe dazugekommen&#8230;<\/p>\n<p>Wir haben Erfahrungen mit der Ausbildung sowohl von kleinen als auch erwachsenen Reitern. Unsere Absicht ist es, in Do\u017eice eine angenehme, originelle Umgebung f\u00fcr \u00d6kotouristik zu schaffen. Wir bieten neben Unterkunft auf der Farm auch das Zusammensein mit Pferden im Stil des \u201enatural horsemanship\u201c an, betreiben Weideaufzucht von Pferden, Ziegen und Schafen, haben Bienen und im Herbst machen wir selbst Apfel- und Birnenmost.<\/p>\n<p>Unsere Art auf Pferde zuzugehen ist einerseits von unseren Reisen in die Mongolei in den Jahren 2000, 2005 und 2010 gepr\u00e4gt &#8211; eine weitere grosse Anregung und die T\u00fcr in die Welt des Natural Horsemanship ist uns seit 2007 Eli\u0161ka \u0160ulcov\u00e1, dank ihr haben wir gelernt, mit Pferden auf eine empfindsame und freudige Weise umzugehen. Auf diese Weise gehen wir auch auf unsere Fohlen zu, reiten unsere Jungpfere zu und unterrichten unsere Klienten.<\/p>\n<p>Unsere Pferde sind unbeschlagen, wir reiten ohne Trense nur mit Seilhalftern (und Sattel) und g\u00f6nnen ihnen die ganzj\u00e4hrliche M\u00f6glichkeit draussen auf der Koppel zu sein. Die Scheune, die ihnen als Unterschlupf bei schlechtem Wetter dient, ben\u00fctzen sie nur, wenn sie dort auch etwas zu fressen finden, ansonsten geben sie eindeutig der freien Wiese Vorrang.<\/p>\n<p>In der Do\u017eicer M\u00fchle haben wir f\u00fcr unsere Besucher einen stillen idyllischen Ort geschaffen, wo Sie sich wohlf\u00fchlen und entspannen k\u00f6nnen, ausruhem vom Stress des Alltags.<\/p>\n<p>Sie haben die M\u00f6glichkeit, sich einfach nur zwischen Pferden, Schafen, Ziegen, H\u00fchnern, Katzen und Bienen aufzuhalten und abzuschalten, Sie k\u00f6nnen sich aber auch mit den Grundlagen des Natural Horsemanship vertraut machen, an Ihrem Reitstil arbeiten oder sich einen Ausritt mit einem erfahrenen Begleiter g\u00f6nnen. Es besteht auch die M\u00f6glichkeit, eine mehrt\u00e4gige Reise auf dem Pferder\u00fccken zu absolvieren.<\/p>\n<p>Die wundersch\u00f6ne Landschaft rund um Do\u017eice lockt zu Spazierg\u00e4ngen an, bei sch\u00f6nem Wetter kann man in Teich direkt neben dem Haus baden oder einen Bootausflug machen.<\/p>\n<p>Wir sind bald auch dabei, Workshops anzubieten \u2013 z.B. f\u00fcr Liebhaber der Apfelmostherstellung, sowie der Weiteverarbeitung von Most zu Cidre, Apfelessig oder Calvados.<\/p>\n<h4>&nbsp;<\/h4>\n<h4>Auf Ihren Besuch freut sich<strong>&nbsp;Ivan Fejfar<\/strong><\/h4>\n<h4><span style=\"color: #333333;\"><span style=\"font-family: 'Helvetica Ne\u00fc', Helvetica, Arial, sans-serif;\"><span style=\"font-size: small;\"><b>Unsere Empfehlunfen:<\/b><\/span><\/span><\/span><\/h4>\n<p><span style=\"color: #333333;\"><span style=\"font-family: 'Helvetica Ne\u00fc', Helvetica, Arial, sans-serif;\"><span style=\"font-size: small;\"><a href=\"http:\/\/www.malovaninatricka.euweb.cz\/\">http:\/\/www.malovaninatricka.euweb.cz\/<\/a><br \/>\n<a href=\"http:\/\/www.calounictvi-dekoraterstvi.cz\/meditacni-polstare\" target=\"_blank\" rel=\"noopener\">http:\/\/www.calounictvi-dekoraterstvi.cz\/meditacni-polstare<\/a><\/span><\/span><\/span>","protected":false},"excerpt":{"rendered":"<p>Die Do\u017eicer M\u00fchle &#8211; \u00d6kotouristik &nbsp; Herzlich willkommen in unserer M\u00fchle \u2013 abseits der Zivilisation zwischen Wiesen, Feldern und W\u00e4ldern bei einem Badeteich in der N\u00e4he vom Dorf Do\u017eice. Do\u017eice liegt zwischen Nepomuk und Ro\u017emil\u00e1l pod T\u0159em\u0161\u00ednem, etwa 40km s\u00fcdlich &hellip; <a href=\"https:\/\/www.jizdynakoni.cz\/de\/\">Weiter<\/a><\/p>\n","protected":false},"author":3,"featured_media":0,"parent":0,"menu_order":11,"comment_status":"closed","ping_status":"closed","template":"page-sidebar.php","meta":{"_exactmetrics_skip_tracking":false,"_exactmetrics_sitenote_active":false,"_exactmetrics_sitenote_note":"","_exactmetrics_sitenote_category":0,"ngg_post_thumbnail":0,"footnotes":""},"class_list":["post-26","page","type-page","status-publish","hentry"],"_links":{"self":[{"href":"https:\/\/www.jizdynakoni.cz\/de\/wp-json\/wp\/v2\/pages\/26","targetHints":{"allow":["GET"]}}],"collection":[{"href":"https:\/\/www.jizdynakoni.cz\/de\/wp-json\/wp\/v2\/pages"}],"about":[{"href":"https:\/\/www.jizdynakoni.cz\/de\/wp-json\/wp\/v2\/types\/page"}],"author":[{"embeddable":true,"href":"https:\/\/www.jizdynakoni.cz\/de\/wp-json\/wp\/v2\/users\/3"}],"replies":[{"embeddable":true,"href":"https:\/\/www.jizdynakoni.cz\/de\/wp-json\/wp\/v2\/comments?post=26"}],"version-history":[{"count":56,"href":"https:\/\/www.jizdynakoni.cz\/de\/wp-json\/wp\/v2\/pages\/26\/revisions"}],"predecessor-version":[{"id":10957,"href":"https:\/\/www.jizdynakoni.cz\/de\/wp-json\/wp\/v2\/pages\/26\/revisions\/10957"}],"wp:attachment":[{"href":"https:\/\/www.jizdynakoni.cz\/de\/wp-json\/wp\/v2\/media?parent=26"}],"curies":[{"name":"wp","href":"https:\/\/api.w.org\/{rel}","templated":true}]}}